{"id":6,"date":"2025-12-05T04:06:10","date_gmt":"2025-12-05T03:06:10","guid":{"rendered":"http:\/\/fenixgroup.com.pe\/?page_id=3"},"modified":"2025-12-05T05:42:24","modified_gmt":"2025-12-05T04:42:24","slug":"politica-privacidad","status":"publish","type":"page","link":"https:\/\/www.fenixgroup.com.pe\/?page_id=6","title":{"rendered":"Pol\u00edtica de privacidad"},"content":{"rendered":"\n<h2 class=\"wp-block-heading\"><strong>POL\u00cdTICA DE PRIVACIDAD Y DE AUTORIZACI\u00d3N PARA EL TRATAMIENTO DE DATOS PERSONALES<\/strong><\/h2>\n\n\n\n<p>MULTIFUNCTIONAL SERVICES FENIXGROUP SAC. (en adelante, \u201cEL SERVICIO T\u00c9CNICO\u201d) es responsable de recabar sus datos personales, del uso que se le d\u00e9 a los mismos y de su protecci\u00f3n. EL SERVICIO T\u00c9CNICO desea informar a todos sus clientes o potenciales clientes acerca de su Pol\u00edtica de Privacidad y de Autorizaci\u00f3n para el Tratamiento de Datos Personales a fin de que puedan determinar libre y voluntariamente si desean proporcionar sus datos personales.<\/p>\n\n\n\n<p>En efecto, EL SERVICIO T\u00c9CNICO se encuentra obligada a cumplir con lo dispuesto en la Ley de Protecci\u00f3n de Datos Personales, Ley N\u00b0 29733 y en su Reglamento, aprobado por Decreto Supremo N\u00b0 003-2013-JUS, por lo cual informa detalladamente sobre la pol\u00edtica de confidencialidad y el tratamiento de los datos personales de sus clientes y\/o interesados, y asimismo, acepta los t\u00e9rminos de la presente pol\u00edtica. En todos los casos, EL SERVICIO T\u00c9CNICO garantiza el mantenimiento de la confidencialidad y el tratamiento adecuado de dicha informaci\u00f3n.<\/p>\n\n\n\n<p><strong>OBJETIVO<\/strong><\/p>\n\n\n\n<p>El objetivo de la presente pol\u00edtica de privacidad es informar de forma detallada a los clientes, las personas interesadas y\/o personas que hayan solicitado informaci\u00f3n y\/o interactuado con EL SERVICIO T\u00c9CNICO, sobre el tratamiento de los datos que han sido proporcionados en el \u201cFormulario de registro\u201d en la plataforma virtual de Facebook, Google u otra plataforma presencial y\/o online.<\/p>\n\n\n\n<p>EL SERVICIO T\u00c9CNICO informa a sus usuarios o interesados que los datos de car\u00e1cter personal que faciliten y los que pueda facilitar en el futuro ser\u00e1n incorporados de forma indeterminada en el banco de datos personales de EL SERVICIO T\u00c9CNICO ubicado en Calle Carlos Zavala N\u00b0 154, San Martin de Porres, Lima, Per\u00fa.<\/p>\n\n\n\n<p><strong>FINALIDAD<\/strong><\/p>\n\n\n\n<p>El uso de la informaci\u00f3n recolectada por EL SERVICIO T\u00c9CNICO se sujetar\u00e1 a los fines que se encuentran descritos en el presente apartado, respetando de la mejor manera la normativa vigente sobre la protecci\u00f3n de datos personales. Los datos personales proporcionados por el titular interesado ser\u00e1n utilizados para las siguientes finalidades:<\/p>\n\n\n\n<p>1. Absolver las consultas de los interesados.<\/p>\n\n\n\n<p>2. Env\u00edo de informaci\u00f3n publicitaria sobre promociones e informaci\u00f3n comercial.<\/p>\n\n\n\n<p>3. An\u00e1lisis de perfiles de las personas interesadas.<\/p>\n\n\n\n<p>4. Env\u00edo de Publicidad y prospecci\u00f3n comercial.<\/p>\n\n\n\n<p>5. Fines estad\u00edsticos y fines de ventas.<\/p>\n\n\n\n<p>EL SERVICIO T\u00c9CNICO se compromete a s\u00f3lo hacer uso de los datos proporcionados por el titular de los mismos, s\u00f3lo y estrictamente, para los fines contenidos en la presente pol\u00edtica. Los datos personales que se recopilen de los clientes o interesados no se har\u00e1n p\u00fablicos ni se comercializar\u00e1n a terceros. Los datos personales no ser\u00e1n revelados a las autoridades p\u00fablicas o de gobierno, excepto en los casos que EL SERVICIO T\u00c9CNICO estuviere obligada por la ley, por las autoridades gubernamentales o por orden judicial a compartir dichos datos personales, as\u00ed como, en los casos que la Ley de Datos Personales y dem\u00e1s leyes regulatorias lo establezcan.<\/p>\n\n\n\n<p>Cualquier otro uso que no se sujete a los fines antes descritos, traer\u00e1 como consecuencia que EL SERVICIO T\u00c9CNICO se encuentre en infracci\u00f3n de la presente pol\u00edtica, con la responsabilidad que se derive de ese comportamiento.<\/p>\n\n\n\n<p><strong>CONFIDENCIALIDAD Y SEGURIDAD<\/strong><\/p>\n\n\n\n<p>EL SERVICIO T\u00c9CNICO garantiza la confidencialidad de los datos de car\u00e1cter personal facilitados por los usuarios, su tratamiento de acuerdo con la legislaci\u00f3n vigente sobre protecci\u00f3n de datos personales, habiendo adoptado los niveles de seguridad de protecci\u00f3n legalmente requeridos, e instalados todos los medios y medidas t\u00e9cnicas a su alcance para evitar la p\u00e9rdida, mal uso, alteraci\u00f3n, acceso no autorizado y robo de la informaci\u00f3n. A pesar de ello, los usuarios deben ser conscientes de que las medidas de seguridad en internet no son inexpugnables.<\/p>\n\n\n\n<p>Le recordamos al usuario o interesado que las presentes Pol\u00edticas solo se aplican a la presente p\u00e1gina web.<\/p>\n\n\n\n<p><strong>DIVULGACI\u00d3N DE INFORMACI\u00d3N<\/strong><\/p>\n\n\n\n<p>A pesar de su pol\u00edtica general de no divulgar los datos de identificaci\u00f3n personal a terceros, es posible que EL SERVICIO T\u00c9CNICO divulgue dicha informaci\u00f3n: (a) cuando EL SERVICIO T\u00c9CNICO tenga motivos para creer que la divulgaci\u00f3n de dicha informaci\u00f3n es necesaria para identificar, comunicarse con, o emprender una acci\u00f3n legal en contra de alguien que pudiera estar perjudicando u obstaculizando los derechos o la propiedad del SERVICIO T\u00c9CNICO o alg\u00fan tercero; (b) seg\u00fan sea necesario para hacer respetar y cumplir los T\u00e9rminos de Uso del SERVICIO T\u00c9CNICO (disponibles en el sitio http:\/\/ https:\/\/www.fenixgroup.com.pe); (c) seg\u00fan lo requiera la ley; o (d) seg\u00fan lo indicado de otra manera por EL SERVICIO T\u00c9CNICO en esta pol\u00edtica.<\/p>\n\n\n\n<p><strong>DERECHOS DE LOS USUARIOS<\/strong><\/p>\n\n\n\n<p>Si posteriormente, el usuario registrado desea revocar su consentimiento otorgado para recibir informaci\u00f3n comercial v\u00eda correo electr\u00f3nico o por cualquier otro medio similar o equivalente, podr\u00e1 comunicarlo, enviando un correo electr\u00f3nico a la siguiente direcci\u00f3n: <a href=\"mailto:info@fenixgroup.com.pe\">info@fenixgroup.com.pe<\/a><\/p>\n\n\n\n<p>La actualizaci\u00f3n de los datos personales, as\u00ed como los dem\u00e1s derechos de informaci\u00f3n, acceso, rectificaci\u00f3n cancelaci\u00f3n y oposici\u00f3n se pueden ejercitar por correo electr\u00f3nico al referido correo seg\u00fan lo establecido en la Ley de Protecci\u00f3n de Datos Personales.<\/p>\n\n\n\n<p><strong>CONSENTIMIENTO DEL TITULAR DE DATOS PERSONALES<\/strong><\/p>\n\n\n\n<p>De acuerdo al principio de consentimiento y, en concordancia con los art\u00edculos pertinentes de la Ley y su reglamento, EL SERVICIO T\u00c9CNICO reconoce la necesidad de solicitar el consentimiento del titular de los datos personales que puedan ser depositados en la secci\u00f3n de contacto, para lo cual le proporciona al titular el siguiente Otorgamiento de consentimiento.<\/p>\n\n\n\n<p>De conformidad con la Ley N\u00b029733, Ley de Protecci\u00f3n de Datos Personales, y su respectivo Reglamento, aprobado mediante D.S. 003-2013-JUS, el interesado otorga su consentimiento expreso para que los datos personales que facilite en el \u201cFormulario de Registro\u201d, tanto a trav\u00e9s de los sitios webs del SERVICIO T\u00c9CNICO www.fenixgroup.com.pe, as\u00ed como mediante la plataforma virtual (instagram de Facebook, Google u otra plataforma online o presencial puedan ser incorporados en el banco privado de datos denominado \u201cBanco de Datos Personales de Personas Interesadas\u201d.<\/p>\n\n\n\n<p>El presente consentimiento se realiza inequ\u00edvoca, sin que medie ning\u00fan tipo de forma libre, voluntaria, informada e coacci\u00f3n por parte del SERVICIO T\u00c9CNICO.<\/p>\n\n\n\n<p><strong>USO DE COOKIES<\/strong><\/p>\n\n\n\n<p>Es posible que este sitio use \u00abcookies\u00bb en conexi\u00f3n con ciertas caracter\u00edsticas o funciones. Los archivos cookies son tipos espec\u00edficos de informaci\u00f3n que un sitio web transmite al disco duro de la computadora de un usuario con el fin de mantener registros. Las cookies pueden servir para facilitar el uso de un sitio web, por ejemplo, al guardar contrase\u00f1as y preferencias mientras el usuario visita el sitio. EL SERVICIO T\u00c9CNICO no usa cookies para obtener datos de identificaci\u00f3n personal de la computadora de un usuario que no se hayan enviado originalmente como parte<\/p>\n\n\n\n<p>del cookie. Aunque la mayor\u00eda de los navegadores aceptan cookies autom\u00e1ticamente, usted puede configurar su navegador para que no los acepte.<\/p>\n\n\n\n<p><strong>ENLACES<\/strong><\/p>\n\n\n\n<p>El sitio web del SERVICIO T\u00c9CNICO podr\u00eda contener enlaces a otros sitios web. EL SERVICIO T\u00c9CNICO no puede controlar las pol\u00edticas de privacidad de otros sitios ni es responsable por \u00e9stas, por ello recomienda que los usuarios est\u00e9n conscientes de esto y lean las declaraciones de privacidad en cada sitio web visitado. La presente pol\u00edtica de privacidad se aplica s\u00f3lo a la informaci\u00f3n recopilada por EL SERVICIO T\u00c9CNICO.<\/p>\n\n\n\n<p><strong>MODIFICACIONES DE LA POL\u00cdTICA DE PRIVACIDAD<\/strong><\/p>\n\n\n\n<p>EL SERVICIO T\u00c9CNICO se reserva el derecho de modificar en forma unilateral, sin mediar previo aviso ni comunicaci\u00f3n a los usuarios, la presente Pol\u00edtica de Privacidad y de Autorizaci\u00f3n para el Tratamiento de Datos Personales, sin que ello genere derecho a reclamo o indemnizaci\u00f3n alguna en favor de los usuarios. Sin embargo, si EL SERVICIO T\u00c9CNICO decidiese utilizar los datos personales de los usuarios de forma distinta a la establecida en el momento de su recogida, se lo notificar\u00e1 a los usuarios o interesados por correo electr\u00f3nico solicitando su previo consentimiento al respecto.<\/p>\n\n\n\n<p>En ning\u00fan caso, las modificaciones de la presente Pol\u00edtica de Privacidad afectar\u00e1n la elecci\u00f3n que el usuario haya formulado en lo que respecta al modo en que EL SERVICIO T\u00c9CNICO puede utilizar sus datos personales.<\/p>\n\n\n\n<p>Si usted tiene alguna pregunta o duda relacionada con esta declaraci\u00f3n de privacidad, por favor comun\u00edquese con EL SERVICIO T\u00c9CNICO a la siguiente direcci\u00f3n: info@fenixgroup.com.pe<\/p>\n","protected":false},"excerpt":{"rendered":"<p>POL\u00cdTICA DE PRIVACIDAD Y DE AUTORIZACI\u00d3N PARA EL TRATAMIENTO DE DATOS PERSONALES MULTIFUNCTIONAL SERVICES FENIXGROUP SAC. (en adelante, \u201cEL SERVICIO T\u00c9CNICO\u201d) es responsable de recabar sus datos personales, del uso que se le d\u00e9 a los mismos y de su protecci\u00f3n. EL SERVICIO T\u00c9CNICO desea informar a todos sus clientes o potenciales clientes acerca de &hellip; <\/p>\n<p class=\"link-more\"><a href=\"https:\/\/www.fenixgroup.com.pe\/?page_id=6\" class=\"more-link\">Continuar leyendo<span class=\"screen-reader-text\"> \u00abPol\u00edtica de privacidad\u00bb<\/span><\/a><\/p>\n","protected":false},"author":1,"featured_media":0,"parent":0,"menu_order":0,"comment_status":"closed","ping_status":"open","template":"","meta":{"footnotes":""},"class_list":["post-6","page","type-page","status-publish","hentry"],"_links":{"self":[{"href":"https:\/\/www.fenixgroup.com.pe\/index.php?rest_route=\/wp\/v2\/pages\/6","targetHints":{"allow":["GET"]}}],"collection":[{"href":"https:\/\/www.fenixgroup.com.pe\/index.php?rest_route=\/wp\/v2\/pages"}],"about":[{"href":"https:\/\/www.fenixgroup.com.pe\/index.php?rest_route=\/wp\/v2\/types\/page"}],"author":[{"embeddable":true,"href":"https:\/\/www.fenixgroup.com.pe\/index.php?rest_route=\/wp\/v2\/users\/1"}],"replies":[{"embeddable":true,"href":"https:\/\/www.fenixgroup.com.pe\/index.php?rest_route=%2Fwp%2Fv2%2Fcomments&post=6"}],"version-history":[{"count":1,"href":"https:\/\/www.fenixgroup.com.pe\/index.php?rest_route=\/wp\/v2\/pages\/6\/revisions"}],"predecessor-version":[{"id":67,"href":"https:\/\/www.fenixgroup.com.pe\/index.php?rest_route=\/wp\/v2\/pages\/6\/revisions\/67"}],"wp:attachment":[{"href":"https:\/\/www.fenixgroup.com.pe\/index.php?rest_route=%2Fwp%2Fv2%2Fmedia&parent=6"}],"curies":[{"name":"wp","href":"https:\/\/api.w.org\/{rel}","templated":true}]}}