{"id":20,"date":"2025-12-05T04:57:56","date_gmt":"2025-12-05T03:57:56","guid":{"rendered":"http:\/\/fenixgroup.com.pe\/?page_id=20"},"modified":"2025-12-05T07:02:18","modified_gmt":"2025-12-05T06:02:18","slug":"una-seccion-de-la-pagina-de-inicio","status":"publish","type":"page","link":"https:\/\/www.fenixgroup.com.pe\/?page_id=20","title":{"rendered":"Multifunctional Services Fenixgroup Sac"},"content":{"rendered":"\n<p>Durante a\u00f1os nuestro personal ha realizado la Post &#8211; Venta de numerosas marcas de reconocido prestigio (Telstar, Nakamichi, Motorola y seguimos creciendo con nuevas marcas como Karcher, Jpv, Caixun, Midea  ).<\/p>\n\n\n\n<p>Actualmente trabajamos con colaboradores para el interior del Pa\u00eds, permiti\u00e9ndonos brindar el servicio a un 80% de la poblaci\u00f3n.<\/p>\n\n\n\n<p>Con nuestra experiencia profesional, somos conocidos por la calidad de nuestros servicios y por la dedicaci\u00f3n diaria del personal de la empresa. Nuestro objetivo es dar un soporte s\u00f3lido y estable, aportando soluciones de forma eficiente y preocup\u00e1ndonos por mantener satisfechos a nuestros clientes.<\/p>\n\n\n\n<p><\/p>\n","protected":false},"excerpt":{"rendered":"<p>Durante a\u00f1os nuestro personal ha realizado la Post &#8211; Venta de numerosas marcas de reconocido prestigio (Telstar, Nakamichi, Motorola y seguimos creciendo con nuevas marcas como Karcher, Jpv, Caixun, Midea ). Actualmente trabajamos con colaboradores para el interior del Pa\u00eds, permiti\u00e9ndonos brindar el servicio a un 80% de la poblaci\u00f3n. Con nuestra experiencia profesional, somos &hellip; <\/p>\n<p class=\"link-more\"><a href=\"https:\/\/www.fenixgroup.com.pe\/?page_id=20\" class=\"more-link\">Continuar leyendo<span class=\"screen-reader-text\"> \u00abMultifunctional Services Fenixgroup Sac\u00bb<\/span><\/a><\/p>\n","protected":false},"author":1,"featured_media":0,"parent":0,"menu_order":0,"comment_status":"closed","ping_status":"closed","template":"","meta":{"footnotes":""},"class_list":["post-20","page","type-page","status-publish","hentry"],"_links":{"self":[{"href":"https:\/\/www.fenixgroup.com.pe\/index.php?rest_route=\/wp\/v2\/pages\/20","targetHints":{"allow":["GET"]}}],"collection":[{"href":"https:\/\/www.fenixgroup.com.pe\/index.php?rest_route=\/wp\/v2\/pages"}],"about":[{"href":"https:\/\/www.fenixgroup.com.pe\/index.php?rest_route=\/wp\/v2\/types\/page"}],"author":[{"embeddable":true,"href":"https:\/\/www.fenixgroup.com.pe\/index.php?rest_route=\/wp\/v2\/users\/1"}],"replies":[{"embeddable":true,"href":"https:\/\/www.fenixgroup.com.pe\/index.php?rest_route=%2Fwp%2Fv2%2Fcomments&post=20"}],"version-history":[{"count":4,"href":"https:\/\/www.fenixgroup.com.pe\/index.php?rest_route=\/wp\/v2\/pages\/20\/revisions"}],"predecessor-version":[{"id":71,"href":"https:\/\/www.fenixgroup.com.pe\/index.php?rest_route=\/wp\/v2\/pages\/20\/revisions\/71"}],"wp:attachment":[{"href":"https:\/\/www.fenixgroup.com.pe\/index.php?rest_route=%2Fwp%2Fv2%2Fmedia&parent=20"}],"curies":[{"name":"wp","href":"https:\/\/api.w.org\/{rel}","templated":true}]}}