{"id":16,"date":"2025-12-05T04:57:56","date_gmt":"2025-12-05T03:57:56","guid":{"rendered":"http:\/\/fenixgroup.com.pe\/?page_id=16"},"modified":"2026-04-26T10:43:05","modified_gmt":"2026-04-26T15:43:05","slug":"inicio","status":"publish","type":"page","link":"https:\/\/www.fenixgroup.com.pe\/","title":{"rendered":"Inicio"},"content":{"rendered":"\n<p>\u00a1Te damos la bienvenida a tu sitio! <\/p>\n\n\n\n<p>MS Fenixgroup Sac<\/p>\n\n\n\n<p>Mucho mas que un servicio t\u00e9cnico<\/p>\n\n\n\n<p>Especialistas en reparaciones de electrodom\u00e9sticos. herramientas, l\u00ednea marr\u00f3n y l\u00ednea blanca y peque\u00f1os electrodom\u00e9sticos.<\/p>\n\n\n\n<p>Servicio T\u00e9cnico Oficial.<\/p>\n\n\n\n<p>Asesoramiento y venta de todas nuestras marcas<\/p>\n\n\n\n<p><\/p>\n","protected":false},"excerpt":{"rendered":"<p>\u00a1Te damos la bienvenida a tu sitio! MS Fenixgroup Sac Mucho mas que un servicio t\u00e9cnico Especialistas en reparaciones de electrodom\u00e9sticos. herramientas, l\u00ednea marr\u00f3n y l\u00ednea blanca y peque\u00f1os electrodom\u00e9sticos. Servicio T\u00e9cnico Oficial. Asesoramiento y venta de todas nuestras marcas<\/p>\n","protected":false},"author":1,"featured_media":116,"parent":0,"menu_order":0,"comment_status":"closed","ping_status":"closed","template":"","meta":{"footnotes":""},"class_list":["post-16","page","type-page","status-publish","has-post-thumbnail","hentry"],"_links":{"self":[{"href":"https:\/\/www.fenixgroup.com.pe\/index.php?rest_route=\/wp\/v2\/pages\/16","targetHints":{"allow":["GET"]}}],"collection":[{"href":"https:\/\/www.fenixgroup.com.pe\/index.php?rest_route=\/wp\/v2\/pages"}],"about":[{"href":"https:\/\/www.fenixgroup.com.pe\/index.php?rest_route=\/wp\/v2\/types\/page"}],"author":[{"embeddable":true,"href":"https:\/\/www.fenixgroup.com.pe\/index.php?rest_route=\/wp\/v2\/users\/1"}],"replies":[{"embeddable":true,"href":"https:\/\/www.fenixgroup.com.pe\/index.php?rest_route=%2Fwp%2Fv2%2Fcomments&post=16"}],"version-history":[{"count":2,"href":"https:\/\/www.fenixgroup.com.pe\/index.php?rest_route=\/wp\/v2\/pages\/16\/revisions"}],"predecessor-version":[{"id":64,"href":"https:\/\/www.fenixgroup.com.pe\/index.php?rest_route=\/wp\/v2\/pages\/16\/revisions\/64"}],"wp:featuredmedia":[{"embeddable":true,"href":"https:\/\/www.fenixgroup.com.pe\/index.php?rest_route=\/wp\/v2\/media\/116"}],"wp:attachment":[{"href":"https:\/\/www.fenixgroup.com.pe\/index.php?rest_route=%2Fwp%2Fv2%2Fmedia&parent=16"}],"curies":[{"name":"wp","href":"https:\/\/api.w.org\/{rel}","templated":true}]}}